{"id":1224,"date":"2018-05-19T18:19:52","date_gmt":"2018-05-19T17:19:52","guid":{"rendered":"https:\/\/www.casadelascuatrotorres.com\/servicios\/"},"modified":"2022-02-01T00:53:57","modified_gmt":"2022-01-31T23:53:57","slug":"services","status":"publish","type":"page","link":"https:\/\/www.casadelascuatrotorres.com\/fr\/services\/","title":{"rendered":"Services"},"content":{"rendered":"<div class=\"wpb-content-wrapper\"><p>[vc_row css_animation=\u00a0\u00bb\u00a0\u00bb row_type=\u00a0\u00bbrow\u00a0\u00bb use_row_as_full_screen_section=\u00a0\u00bbno\u00a0\u00bb type=\u00a0\u00bbfull_width\u00a0\u00bb angled_section=\u00a0\u00bbno\u00a0\u00bb text_align=\u00a0\u00bbcenter\u00a0\u00bb background_image_as_pattern=\u00a0\u00bbwithout_pattern\u00a0\u00bb css=\u00a0\u00bb.vc_custom_1526748807088{padding-top: 16% !important;padding-bottom: 16% !important;background-image: url(https:\/\/www.casadelascuatrotorres.com\/wp-content\/uploads\/2018\/05\/servicios-hotel-de-las-cuatro-torres-cadiz.jpg?id=961) !important;}\u00a0\u00bb z_index=\u00a0\u00bb\u00a0\u00bb][vc_column][vc_column_text]<\/p>\n<h1 style=\"text-align: center;\"><span style=\"color: #ffffff;\">Services<\/span><\/h1>\n<p>[\/vc_column_text][\/vc_column][\/vc_row][vc_row css_animation=\u00a0\u00bb\u00a0\u00bb row_type=\u00a0\u00bbrow\u00a0\u00bb use_row_as_full_screen_section=\u00a0\u00bbno\u00a0\u00bb type=\u00a0\u00bbgrid\u00a0\u00bb angled_section=\u00a0\u00bbno\u00a0\u00bb text_align=\u00a0\u00bbleft\u00a0\u00bb background_image_as_pattern=\u00a0\u00bbwithout_pattern\u00a0\u00bb css=\u00a0\u00bb.vc_custom_1526748502164{padding-top: 81px !important;padding-bottom: 0px !important;background-image: url(https:\/\/www.casadelascuatrotorres.com\/wp-content\/uploads\/2018\/05\/background-lines.png?id=719) !important;}\u00a0\u00bb z_index=\u00a0\u00bb\u00a0\u00bb el_class=\u00a0\u00bbno-bckg-img-ipad\u00a0\u00bb][vc_column width=\u00a0\u00bb1\/4&Prime;][\/vc_column][vc_column width=\u00a0\u00bb1\/6&Prime;]<div class='q_icon_with_title medium custom_icon_image center '><div class=\"icon_holder \" style=\" \"><img decoding=\"async\" itemprop=\"image\" style=\"\" src=\"https:\/\/www.casadelascuatrotorres.com\/wp-content\/uploads\/2018\/05\/in-servicios-casa-de-las-cuatro-torres-cadiz.png\" alt=\"\"><\/div><div class=\"icon_text_holder\" style=\"\"><div class=\"icon_text_inner\" style=\"\"><h5 class=\"icon_title\" style=\"\">Check-in<\/h5><p style=''>De 14h00 \u00e0 22h00<\/p><\/div><\/div><\/div>[vc_empty_space height=\u00a0\u00bb50px\u00a0\u00bb][\/vc_column][vc_column width=\u00a0\u00bb1\/6&Prime;]<div class='q_icon_with_title medium custom_icon_image center '><div class=\"icon_holder \" style=\" \"><img decoding=\"async\" itemprop=\"image\" style=\"\" src=\"https:\/\/www.casadelascuatrotorres.com\/wp-content\/uploads\/2018\/05\/out-servicios-casa-de-las-cuatro-torres-cadiz.png\" alt=\"\"><\/div><div class=\"icon_text_holder\" style=\"\"><div class=\"icon_text_inner\" style=\"\"><h5 class=\"icon_title\" style=\"\">Check-out<\/h5><p style=''>Avant 11h00<\/p><\/div><\/div><\/div>[vc_empty_space height=\u00a0\u00bb50&Prime;][\/vc_column][vc_column width=\u00a0\u00bb1\/6&Prime;]<div class='q_icon_with_title medium custom_icon_image center '><div class=\"icon_holder \" style=\" \"><img decoding=\"async\" itemprop=\"image\" style=\"\" src=\"https:\/\/www.casadelascuatrotorres.com\/wp-content\/uploads\/2018\/05\/24h-servicios-casa-de-las-cuatro-torres-cadiz.png\" alt=\"\"><\/div><div class=\"icon_text_holder\" style=\"\"><div class=\"icon_text_inner\" style=\"\"><h5 class=\"icon_title\" style=\"\">r\u00e9ception<\/h5><p style=''>Service client h\u00e9berg\u00e9 24 heures sur 24<\/p><\/div><\/div><\/div>[vc_empty_space height=\u00a0\u00bb50&Prime;][\/vc_column][vc_column width=\u00a0\u00bb1\/4&Prime;][\/vc_column][\/vc_row][vc_row css_animation=\u00a0\u00bb\u00a0\u00bb row_type=\u00a0\u00bbrow\u00a0\u00bb use_row_as_full_screen_section=\u00a0\u00bbno\u00a0\u00bb type=\u00a0\u00bbgrid\u00a0\u00bb angled_section=\u00a0\u00bbno\u00a0\u00bb text_align=\u00a0\u00bbleft\u00a0\u00bb background_image_as_pattern=\u00a0\u00bbwithout_pattern\u00a0\u00bb css=\u00a0\u00bb.vc_custom_1526748502164{padding-top: 81px !important;padding-bottom: 0px !important;background-image: url(https:\/\/www.casadelascuatrotorres.com\/wp-content\/uploads\/2018\/05\/background-lines.png?id=719) !important;}\u00a0\u00bb z_index=\u00a0\u00bb\u00a0\u00bb el_class=\u00a0\u00bbno-bckg-img-ipad\u00a0\u00bb][vc_column width=\u00a0\u00bb1\/3&Prime; offset=\u00a0\u00bbvc_col-lg-2 vc_col-md-4&Prime;]<div class='q_icon_with_title medium custom_icon_image center '><div class=\"icon_holder \" style=\" \"><img decoding=\"async\" itemprop=\"image\" style=\"\" src=\"https:\/\/www.casadelascuatrotorres.com\/wp-content\/uploads\/2018\/05\/aire-servicios-casa-de-las-cuatro-torres-cadiz.png\" alt=\"\"><\/div><div class=\"icon_text_holder\" style=\"\"><div class=\"icon_text_inner\" style=\"\"><h5 class=\"icon_title\" style=\"\">Air conditionn\u00e9<\/h5><p style=''>chambres climatis\u00e9es<\/p><\/div><\/div><\/div>[vc_empty_space height=\u00a0\u00bb50px\u00a0\u00bb][\/vc_column][vc_column width=\u00a0\u00bb1\/3&Prime; offset=\u00a0\u00bbvc_col-lg-2 vc_col-md-4&Prime;]<div class='q_icon_with_title medium custom_icon_image center '><div class=\"icon_holder \" style=\" \"><img decoding=\"async\" itemprop=\"image\" style=\"\" src=\"https:\/\/www.casadelascuatrotorres.com\/wp-content\/uploads\/2018\/05\/sabanas-servicios-casa-de-las-cuatro-torres-cadiz.png\" alt=\"\"><\/div><div class=\"icon_text_holder\" style=\"\"><div class=\"icon_text_inner\" style=\"\"><h5 class=\"icon_title\" style=\"\">Draps et serviettes<\/h5><p style=''>Draps en coton Percado de la plus haute qualit\u00e9<\/p><\/div><\/div><\/div>[vc_empty_space height=\u00a0\u00bb50&Prime;][\/vc_column][vc_column width=\u00a0\u00bb1\/3&Prime; offset=\u00a0\u00bbvc_col-lg-2 vc_col-md-4&Prime;]<div class='q_icon_with_title medium custom_icon_image center '><div class=\"icon_holder \" style=\" \"><img decoding=\"async\" itemprop=\"image\" style=\"\" src=\"https:\/\/www.casadelascuatrotorres.com\/wp-content\/uploads\/2018\/05\/peluqueria-servicios-casa-de-las-cuatro-torres-cadiz.png\" alt=\"\"><\/div><div class=\"icon_text_holder\" style=\"\"><div class=\"icon_text_inner\" style=\"\"><h5 class=\"icon_title\" style=\"\">Salon de coiffure<\/h5><p style=''>Massages et coiffeur<\/p><\/div><\/div><\/div>[vc_empty_space height=\u00a0\u00bb50&Prime;][\/vc_column][vc_column width=\u00a0\u00bb1\/3&Prime; offset=\u00a0\u00bbvc_col-lg-2 vc_col-md-4&Prime;]<div class='q_icon_with_title medium custom_icon_image center '><div class=\"icon_holder \" style=\" \"><img decoding=\"async\" itemprop=\"image\" style=\"\" src=\"https:\/\/www.casadelascuatrotorres.com\/wp-content\/uploads\/2018\/05\/accesibilidad-servicios-casa-de-las-cuatro-torres-cadiz.png\" alt=\"\"><\/div><div class=\"icon_text_holder\" style=\"\"><div class=\"icon_text_inner\" style=\"\"><h5 class=\"icon_title\" style=\"\">Accessibilit\u00e9<\/h5><p style=''>Chambre pour personnes \u00e0 mobilit\u00e9 r\u00e9duite<\/p><\/div><\/div><\/div>[vc_empty_space height=\u00a0\u00bb50&Prime;][\/vc_column][vc_column width=\u00a0\u00bb1\/3&Prime; offset=\u00a0\u00bbvc_col-lg-2 vc_col-md-4&Prime;]<div class='q_icon_with_title medium custom_icon_image center '><div class=\"icon_holder \" style=\" \"><img decoding=\"async\" itemprop=\"image\" style=\"\" src=\"https:\/\/www.casadelascuatrotorres.com\/wp-content\/uploads\/2018\/05\/transfer-servicios-casa-de-las-cuatro-torres-cadiz.png\" alt=\"\"><\/div><div class=\"icon_text_holder\" style=\"\"><div class=\"icon_text_inner\" style=\"\"><h5 class=\"icon_title\" style=\"\">Transfert<\/h5><p style=''>Prise en charge des clients \u00e0 l'a\u00e9roport ou \u00e0 la gare<\/p><\/div><\/div><\/div>[vc_empty_space height=\u00a0\u00bb50&Prime;][\/vc_column][vc_column width=\u00a0\u00bb1\/3&Prime; offset=\u00a0\u00bbvc_col-lg-2 vc_col-md-4&Prime;]<div class='q_icon_with_title medium custom_icon_image center '><div class=\"icon_holder \" style=\" \"><img decoding=\"async\" itemprop=\"image\" style=\"\" src=\"https:\/\/www.casadelascuatrotorres.com\/wp-content\/uploads\/2018\/05\/desayunos-servicios-casa-de-las-cuatro-torres-cadiz.png\" alt=\"\"><\/div><div class=\"icon_text_holder\" style=\"\"><div class=\"icon_text_inner\" style=\"\"><h5 class=\"icon_title\" style=\"\">petits d\u00e9jeuners<\/h5><p style=''>Petits d\u00e9jeuners pour coeliaques<\/p><\/div><\/div><\/div>[vc_empty_space height=\u00a0\u00bb50&Prime;][\/vc_column][\/vc_row][vc_row css_animation=\u00a0\u00bb\u00a0\u00bb row_type=\u00a0\u00bbrow\u00a0\u00bb use_row_as_full_screen_section=\u00a0\u00bbno\u00a0\u00bb type=\u00a0\u00bbgrid\u00a0\u00bb angled_section=\u00a0\u00bbno\u00a0\u00bb text_align=\u00a0\u00bbleft\u00a0\u00bb background_image_as_pattern=\u00a0\u00bbwithout_pattern\u00a0\u00bb css=\u00a0\u00bb.vc_custom_1526748568587{padding-top: 0px !important;padding-bottom: 80px !important;background-image: url(https:\/\/www.casadelascuatrotorres.com\/wp-content\/uploads\/2018\/05\/background-lines.png?id=719) !important;}\u00a0\u00bb z_index=\u00a0\u00bb\u00a0\u00bb el_class=\u00a0\u00bbno-bckg-img-ipad\u00a0\u00bb][vc_column width=\u00a0\u00bb1\/3&Prime; offset=\u00a0\u00bbvc_col-lg-2 vc_col-md-4&Prime;]<div class='q_icon_with_title medium custom_icon_image center '><div class=\"icon_holder \" style=\" \"><img decoding=\"async\" itemprop=\"image\" style=\"\" src=\"https:\/\/www.casadelascuatrotorres.com\/wp-content\/uploads\/2018\/05\/wifi-servicios-casa-de-las-cuatro-torres-cadiz.png\" alt=\"\"><\/div><div class=\"icon_text_holder\" style=\"\"><div class=\"icon_text_inner\" style=\"\"><h5 class=\"icon_title\" style=\"\">Wifi<\/h5><p style=''>Wi-Fi gratuit dans toutes les chambres<\/p><\/div><\/div><\/div>[vc_empty_space height=\u00a0\u00bb50px\u00a0\u00bb][\/vc_column][vc_column width=\u00a0\u00bb1\/3&Prime; offset=\u00a0\u00bbvc_col-lg-2 vc_col-md-4&Prime;]<div class='q_icon_with_title medium custom_icon_image center '><div class=\"icon_holder \" style=\" \"><img decoding=\"async\" itemprop=\"image\" style=\"\" src=\"https:\/\/www.casadelascuatrotorres.com\/wp-content\/uploads\/2018\/05\/tv-servicios-casa-de-las-cuatro-torres-cadiz.png\" alt=\"\"><\/div><div class=\"icon_text_holder\" style=\"\"><div class=\"icon_text_inner\" style=\"\"><h5 class=\"icon_title\" style=\"\">TV<\/h5><p style=''>T\u00e9l\u00e9vision dernier cri dans toutes les chambres<\/p><\/div><\/div><\/div>[vc_empty_space height=\u00a0\u00bb50&Prime;][\/vc_column][vc_column width=\u00a0\u00bb1\/3&Prime; offset=\u00a0\u00bbvc_col-lg-2 vc_col-md-4&Prime;]<div class='q_icon_with_title medium custom_icon_image center '><div class=\"icon_holder \" style=\" \"><img decoding=\"async\" itemprop=\"image\" style=\"\" src=\"https:\/\/www.casadelascuatrotorres.com\/wp-content\/uploads\/2018\/05\/bicicleta-servicios-casa-de-las-cuatro-torres-cadiz.png\" alt=\"\"><\/div><div class=\"icon_text_holder\" style=\"\"><div class=\"icon_text_inner\" style=\"\"><h5 class=\"icon_title\" style=\"\">v\u00e9los<\/h5><p style=''>location de v\u00e9los<\/p><\/div><\/div><\/div>[vc_empty_space height=\u00a0\u00bb50&Prime;][\/vc_column][vc_column width=\u00a0\u00bb1\/3&Prime; offset=\u00a0\u00bbvc_col-lg-2 vc_col-md-4&Prime;]<div class='q_icon_with_title medium custom_icon_image center '><div class=\"icon_holder \" style=\" \"><img decoding=\"async\" itemprop=\"image\" style=\"\" src=\"https:\/\/www.casadelascuatrotorres.com\/wp-content\/uploads\/2018\/05\/lavanderia-servicios-casa-de-las-cuatro-torres-cadiz.png\" alt=\"\"><\/div><div class=\"icon_text_holder\" style=\"\"><div class=\"icon_text_inner\" style=\"\"><h5 class=\"icon_title\" style=\"\">Blanchisserie et pressing<\/h5><p style=''>Laveuse et s\u00e9cheuse disponibles pour les clients qui en font la demande<\/p><\/div><\/div><\/div>[vc_empty_space height=\u00a0\u00bb50&Prime;][\/vc_column][vc_column width=\u00a0\u00bb1\/3&Prime; offset=\u00a0\u00bbvc_col-lg-2 vc_col-md-4&Prime;]<div class='q_icon_with_title medium custom_icon_image center '><div class=\"icon_holder \" style=\" \"><img decoding=\"async\" itemprop=\"image\" style=\"\" src=\"https:\/\/www.casadelascuatrotorres.com\/wp-content\/uploads\/2018\/05\/tour-servicios-casa-de-las-cuatro-torres-cadiz.png\" alt=\"\"><\/div><div class=\"icon_text_holder\" style=\"\"><div class=\"icon_text_inner\" style=\"\"><h5 class=\"icon_title\" style=\"\">visites<\/h5><p style=''>Visite priv\u00e9e de la ville de Cadix<\/p><\/div><\/div><\/div>[vc_empty_space height=\u00a0\u00bb50&Prime;][\/vc_column][vc_column width=\u00a0\u00bb1\/3&Prime; offset=\u00a0\u00bbvc_col-lg-2 vc_col-md-4&Prime;]<div class='q_icon_with_title medium custom_icon_image center '><div class=\"icon_holder \" style=\" \"><img decoding=\"async\" itemprop=\"image\" style=\"\" src=\"https:\/\/www.casadelascuatrotorres.com\/wp-content\/uploads\/2018\/05\/eventos-servicios-casa-de-las-cuatro-torres-cadiz.png\" alt=\"\"><\/div><div class=\"icon_text_holder\" style=\"\"><div class=\"icon_text_inner\" style=\"\"><h5 class=\"icon_title\" style=\"\">\u00e9v\u00e9nements priv\u00e9s<\/h5><p style=''>Demandez-nous les espaces et les tarifs<\/p><\/div><\/div><\/div>[vc_empty_space height=\u00a0\u00bb50&Prime;][\/vc_column][\/vc_row][vc_row css_animation=\u00a0\u00bb\u00a0\u00bb row_type=\u00a0\u00bbrow\u00a0\u00bb use_row_as_full_screen_section=\u00a0\u00bbno\u00a0\u00bb type=\u00a0\u00bbfull_width\u00a0\u00bb angled_section=\u00a0\u00bbno\u00a0\u00bb text_align=\u00a0\u00bbcenter\u00a0\u00bb background_image_as_pattern=\u00a0\u00bbwithout_pattern\u00a0\u00bb z_index=\u00a0\u00bb\u00a0\u00bb css=\u00a0\u00bb.vc_custom_1526657659165{margin-top: 0px !important;border-top-width: 0px !important;padding-top: 0px !important;padding-bottom: 100px !important;background-image: url(https:\/\/www.casadelascuatrotorres.com\/wp-content\/uploads\/2018\/05\/background-lines.png?id=719) !important;}\u00a0\u00bb][vc_column]\n\n\t<a href=\"\/fr\/nos-hebergements\" target=\"_self\" style=\"font-weight: 700;text-transform: none;font-style: normal\" class=\"qode-btn qode-btn-medium qode-btn-simple qode-btn-custom-hover-color button-with-line qode-btn-default-hover\" data-hover-color=\"#a53320\" >\n\t    <span class=\"qode-btn-text\">Tous nos h\u00e9bergements<\/span>\t<\/a>\n\n[\/vc_column][\/vc_row]<\/p>\n<\/div>","protected":false},"excerpt":{"rendered":"<p>[vc_row css_animation=\u00a0\u00bb\u00a0\u00bb row_type=\u00a0\u00bbrow\u00a0\u00bb use_row_as_full_screen_section=\u00a0\u00bbno\u00a0\u00bb type=\u00a0\u00bbfull_width\u00a0\u00bb angled_section=\u00a0\u00bbno\u00a0\u00bb text_align=\u00a0\u00bbcenter\u00a0\u00bb background_image_as_pattern=\u00a0\u00bbwithout_pattern\u00a0\u00bb css=\u00a0\u00bb.vc_custom_1526748807088{padding-top: 16% !important;padding-bottom: 16% !important;background-image: url(https:\/\/www.casadelascuatrotorres.com\/wp-content\/uploads\/2018\/05\/servicios-hotel-de-las-cuatro-torres-cadiz.jpg?id=961) !important;}\u00a0\u00bb z_index=\u00a0\u00bb\u00a0\u00bb][vc_column][vc_column_text] Services [\/vc_column_text][\/vc_column][\/vc_row][vc_row css_animation=\u00a0\u00bb\u00a0\u00bb row_type=\u00a0\u00bbrow\u00a0\u00bb use_row_as_full_screen_section=\u00a0\u00bbno\u00a0\u00bb type=\u00a0\u00bbgrid\u00a0\u00bb angled_section=\u00a0\u00bbno\u00a0\u00bb text_align=\u00a0\u00bbleft\u00a0\u00bb background_image_as_pattern=\u00a0\u00bbwithout_pattern\u00a0\u00bb css=\u00a0\u00bb.vc_custom_1526748502164{padding-top: 81px !important;padding-bottom: 0px !important;background-image: url(https:\/\/www.casadelascuatrotorres.com\/wp-content\/uploads\/2018\/05\/background-lines.png?id=719) !important;}\u00a0\u00bb z_index=\u00a0\u00bb\u00a0\u00bb el_class=\u00a0\u00bbno-bckg-img-ipad\u00a0\u00bb][vc_column width=\u00a0\u00bb1\/4&Prime;][\/vc_column][vc_column width=\u00a0\u00bb1\/6&Prime;][vc_empty_space height=\u00a0\u00bb50px\u00a0\u00bb][\/vc_column][vc_column width=\u00a0\u00bb1\/6&Prime;][vc_empty_space height=\u00a0\u00bb50&Prime;][\/vc_column][vc_column width=\u00a0\u00bb1\/6&Prime;][vc_empty_space height=\u00a0\u00bb50&Prime;][\/vc_column][vc_column width=\u00a0\u00bb1\/4&Prime;][\/vc_column][\/vc_row][vc_row css_animation=\u00a0\u00bb\u00a0\u00bb row_type=\u00a0\u00bbrow\u00a0\u00bb use_row_as_full_screen_section=\u00a0\u00bbno\u00a0\u00bb&#8230;<\/p>\n","protected":false},"author":4,"featured_media":0,"parent":0,"menu_order":0,"comment_status":"closed","ping_status":"closed","template":"full_width.php","meta":{"footnotes":""},"class_list":["post-1224","page","type-page","status-publish","hentry"],"yoast_head":"<!-- This site is optimized with the Yoast SEO plugin v25.7 - https:\/\/yoast.com\/wordpress\/plugins\/seo\/ -->\n<title>Services - Hotel Casa de las Cuatro Torres<\/title>\n<meta name=\"robots\" content=\"index, follow, max-snippet:-1, max-image-preview:large, max-video-preview:-1\" \/>\n<link rel=\"canonical\" href=\"https:\/\/www.casadelascuatrotorres.com\/fr\/services\/\" \/>\n<meta property=\"og:locale\" content=\"fr_FR\" \/>\n<meta property=\"og:type\" content=\"article\" \/>\n<meta property=\"og:title\" content=\"Services - Hotel Casa de las Cuatro Torres\" \/>\n<meta property=\"og:description\" content=\"[vc_row css_animation=\u00a0\u00bb\u00a0\u00bb row_type=\u00a0\u00bbrow\u00a0\u00bb use_row_as_full_screen_section=\u00a0\u00bbno\u00a0\u00bb type=\u00a0\u00bbfull_width\u00a0\u00bb angled_section=\u00a0\u00bbno\u00a0\u00bb text_align=\u00a0\u00bbcenter\u00a0\u00bb background_image_as_pattern=\u00a0\u00bbwithout_pattern\u00a0\u00bb css=\u00a0\u00bb.vc_custom_1526748807088{padding-top: 16% !important;padding-bottom: 16% !important;background-image: url(https:\/\/www.casadelascuatrotorres.com\/wp-content\/uploads\/2018\/05\/servicios-hotel-de-las-cuatro-torres-cadiz.jpg?id=961) !important;}\u00a0\u00bb z_index=\u00a0\u00bb\u00a0\u00bb][vc_column][vc_column_text] Services [\/vc_column_text][\/vc_column][\/vc_row][vc_row css_animation=\u00a0\u00bb\u00a0\u00bb row_type=\u00a0\u00bbrow\u00a0\u00bb use_row_as_full_screen_section=\u00a0\u00bbno\u00a0\u00bb type=\u00a0\u00bbgrid\u00a0\u00bb angled_section=\u00a0\u00bbno\u00a0\u00bb text_align=\u00a0\u00bbleft\u00a0\u00bb background_image_as_pattern=\u00a0\u00bbwithout_pattern\u00a0\u00bb css=\u00a0\u00bb.vc_custom_1526748502164{padding-top: 81px !important;padding-bottom: 0px !important;background-image: url(https:\/\/www.casadelascuatrotorres.com\/wp-content\/uploads\/2018\/05\/background-lines.png?id=719) !important;}\u00a0\u00bb z_index=\u00a0\u00bb\u00a0\u00bb el_class=\u00a0\u00bbno-bckg-img-ipad\u00a0\u00bb][vc_column width=\u00a0\u00bb1\/4&Prime;][\/vc_column][vc_column width=\u00a0\u00bb1\/6&Prime;][vc_empty_space height=\u00a0\u00bb50px\u00a0\u00bb][\/vc_column][vc_column width=\u00a0\u00bb1\/6&Prime;][vc_empty_space height=\u00a0\u00bb50&Prime;][\/vc_column][vc_column width=\u00a0\u00bb1\/6&Prime;][vc_empty_space height=\u00a0\u00bb50&Prime;][\/vc_column][vc_column width=\u00a0\u00bb1\/4&Prime;][\/vc_column][\/vc_row][vc_row css_animation=\u00a0\u00bb\u00a0\u00bb row_type=\u00a0\u00bbrow\u00a0\u00bb use_row_as_full_screen_section=\u00a0\u00bbno\u00a0\u00bb...\" \/>\n<meta property=\"og:url\" content=\"https:\/\/www.casadelascuatrotorres.com\/fr\/services\/\" \/>\n<meta property=\"og:site_name\" content=\"Hotel Casa de las Cuatro Torres\" \/>\n<meta property=\"article:publisher\" content=\"https:\/\/www.facebook.com\/CasadelasCuatroTorresHotel\" \/>\n<meta property=\"article:modified_time\" content=\"2022-01-31T23:53:57+00:00\" \/>\n<meta property=\"og:image\" content=\"https:\/\/www.casadelascuatrotorres.com\/wp-content\/uploads\/2017\/11\/logotipo.png\" \/>\n\t<meta property=\"og:image:width\" content=\"402\" \/>\n\t<meta property=\"og:image:height\" content=\"409\" \/>\n\t<meta property=\"og:image:type\" content=\"image\/png\" \/>\n<meta name=\"twitter:label1\" content=\"Dur\u00e9e de lecture estim\u00e9e\" \/>\n\t<meta name=\"twitter:data1\" content=\"2 minutes\" \/>\n<script type=\"application\/ld+json\" class=\"yoast-schema-graph\">{\"@context\":\"https:\/\/schema.org\",\"@graph\":[{\"@type\":\"WebPage\",\"@id\":\"https:\/\/www.casadelascuatrotorres.com\/fr\/services\/\",\"url\":\"https:\/\/www.casadelascuatrotorres.com\/fr\/services\/\",\"name\":\"Services - Hotel Casa de las Cuatro Torres\",\"isPartOf\":{\"@id\":\"https:\/\/www.casadelascuatrotorres.com\/#website\"},\"datePublished\":\"2018-05-19T17:19:52+00:00\",\"dateModified\":\"2022-01-31T23:53:57+00:00\",\"breadcrumb\":{\"@id\":\"https:\/\/www.casadelascuatrotorres.com\/fr\/services\/#breadcrumb\"},\"inLanguage\":\"fr-FR\",\"potentialAction\":[{\"@type\":\"ReadAction\",\"target\":[\"https:\/\/www.casadelascuatrotorres.com\/fr\/services\/\"]}]},{\"@type\":\"BreadcrumbList\",\"@id\":\"https:\/\/www.casadelascuatrotorres.com\/fr\/services\/#breadcrumb\",\"itemListElement\":[{\"@type\":\"ListItem\",\"position\":1,\"name\":\"Portada\",\"item\":\"https:\/\/www.casadelascuatrotorres.com\/fr\/\"},{\"@type\":\"ListItem\",\"position\":2,\"name\":\"Services\"}]},{\"@type\":\"WebSite\",\"@id\":\"https:\/\/www.casadelascuatrotorres.com\/#website\",\"url\":\"https:\/\/www.casadelascuatrotorres.com\/\",\"name\":\"Hotel Casa de las Cuatro Torres\",\"description\":\"Hotel Boutique en el centro de C\u00e1diz\",\"potentialAction\":[{\"@type\":\"SearchAction\",\"target\":{\"@type\":\"EntryPoint\",\"urlTemplate\":\"https:\/\/www.casadelascuatrotorres.com\/?s={search_term_string}\"},\"query-input\":{\"@type\":\"PropertyValueSpecification\",\"valueRequired\":true,\"valueName\":\"search_term_string\"}}],\"inLanguage\":\"fr-FR\"}]}<\/script>\n<!-- \/ Yoast SEO plugin. -->","yoast_head_json":{"title":"Services - Hotel Casa de las Cuatro Torres","robots":{"index":"index","follow":"follow","max-snippet":"max-snippet:-1","max-image-preview":"max-image-preview:large","max-video-preview":"max-video-preview:-1"},"canonical":"https:\/\/www.casadelascuatrotorres.com\/fr\/services\/","og_locale":"fr_FR","og_type":"article","og_title":"Services - Hotel Casa de las Cuatro Torres","og_description":"[vc_row css_animation=\u00a0\u00bb\u00a0\u00bb row_type=\u00a0\u00bbrow\u00a0\u00bb use_row_as_full_screen_section=\u00a0\u00bbno\u00a0\u00bb type=\u00a0\u00bbfull_width\u00a0\u00bb angled_section=\u00a0\u00bbno\u00a0\u00bb text_align=\u00a0\u00bbcenter\u00a0\u00bb background_image_as_pattern=\u00a0\u00bbwithout_pattern\u00a0\u00bb css=\u00a0\u00bb.vc_custom_1526748807088{padding-top: 16% !important;padding-bottom: 16% !important;background-image: url(https:\/\/www.casadelascuatrotorres.com\/wp-content\/uploads\/2018\/05\/servicios-hotel-de-las-cuatro-torres-cadiz.jpg?id=961) !important;}\u00a0\u00bb z_index=\u00a0\u00bb\u00a0\u00bb][vc_column][vc_column_text] Services [\/vc_column_text][\/vc_column][\/vc_row][vc_row css_animation=\u00a0\u00bb\u00a0\u00bb row_type=\u00a0\u00bbrow\u00a0\u00bb use_row_as_full_screen_section=\u00a0\u00bbno\u00a0\u00bb type=\u00a0\u00bbgrid\u00a0\u00bb angled_section=\u00a0\u00bbno\u00a0\u00bb text_align=\u00a0\u00bbleft\u00a0\u00bb background_image_as_pattern=\u00a0\u00bbwithout_pattern\u00a0\u00bb css=\u00a0\u00bb.vc_custom_1526748502164{padding-top: 81px !important;padding-bottom: 0px !important;background-image: url(https:\/\/www.casadelascuatrotorres.com\/wp-content\/uploads\/2018\/05\/background-lines.png?id=719) !important;}\u00a0\u00bb z_index=\u00a0\u00bb\u00a0\u00bb el_class=\u00a0\u00bbno-bckg-img-ipad\u00a0\u00bb][vc_column width=\u00a0\u00bb1\/4&Prime;][\/vc_column][vc_column width=\u00a0\u00bb1\/6&Prime;][vc_empty_space height=\u00a0\u00bb50px\u00a0\u00bb][\/vc_column][vc_column width=\u00a0\u00bb1\/6&Prime;][vc_empty_space height=\u00a0\u00bb50&Prime;][\/vc_column][vc_column width=\u00a0\u00bb1\/6&Prime;][vc_empty_space height=\u00a0\u00bb50&Prime;][\/vc_column][vc_column width=\u00a0\u00bb1\/4&Prime;][\/vc_column][\/vc_row][vc_row css_animation=\u00a0\u00bb\u00a0\u00bb row_type=\u00a0\u00bbrow\u00a0\u00bb use_row_as_full_screen_section=\u00a0\u00bbno\u00a0\u00bb...","og_url":"https:\/\/www.casadelascuatrotorres.com\/fr\/services\/","og_site_name":"Hotel Casa de las Cuatro Torres","article_publisher":"https:\/\/www.facebook.com\/CasadelasCuatroTorresHotel","article_modified_time":"2022-01-31T23:53:57+00:00","og_image":[{"width":402,"height":409,"url":"https:\/\/www.casadelascuatrotorres.com\/wp-content\/uploads\/2017\/11\/logotipo.png","type":"image\/png"}],"twitter_misc":{"Dur\u00e9e de lecture estim\u00e9e":"2 minutes"},"schema":{"@context":"https:\/\/schema.org","@graph":[{"@type":"WebPage","@id":"https:\/\/www.casadelascuatrotorres.com\/fr\/services\/","url":"https:\/\/www.casadelascuatrotorres.com\/fr\/services\/","name":"Services - Hotel Casa de las Cuatro Torres","isPartOf":{"@id":"https:\/\/www.casadelascuatrotorres.com\/#website"},"datePublished":"2018-05-19T17:19:52+00:00","dateModified":"2022-01-31T23:53:57+00:00","breadcrumb":{"@id":"https:\/\/www.casadelascuatrotorres.com\/fr\/services\/#breadcrumb"},"inLanguage":"fr-FR","potentialAction":[{"@type":"ReadAction","target":["https:\/\/www.casadelascuatrotorres.com\/fr\/services\/"]}]},{"@type":"BreadcrumbList","@id":"https:\/\/www.casadelascuatrotorres.com\/fr\/services\/#breadcrumb","itemListElement":[{"@type":"ListItem","position":1,"name":"Portada","item":"https:\/\/www.casadelascuatrotorres.com\/fr\/"},{"@type":"ListItem","position":2,"name":"Services"}]},{"@type":"WebSite","@id":"https:\/\/www.casadelascuatrotorres.com\/#website","url":"https:\/\/www.casadelascuatrotorres.com\/","name":"Hotel Casa de las Cuatro Torres","description":"Hotel Boutique en el centro de C\u00e1diz","potentialAction":[{"@type":"SearchAction","target":{"@type":"EntryPoint","urlTemplate":"https:\/\/www.casadelascuatrotorres.com\/?s={search_term_string}"},"query-input":{"@type":"PropertyValueSpecification","valueRequired":true,"valueName":"search_term_string"}}],"inLanguage":"fr-FR"}]}},"_links":{"self":[{"href":"https:\/\/www.casadelascuatrotorres.com\/fr\/wp-json\/wp\/v2\/pages\/1224\/"}],"collection":[{"href":"https:\/\/www.casadelascuatrotorres.com\/fr\/wp-json\/wp\/v2\/pages\/"}],"about":[{"href":"https:\/\/www.casadelascuatrotorres.com\/fr\/wp-json\/wp\/v2\/types\/page\/"}],"author":[{"embeddable":true,"href":"https:\/\/www.casadelascuatrotorres.com\/fr\/wp-json\/wp\/v2\/users\/4\/"}],"replies":[{"embeddable":true,"href":"https:\/\/www.casadelascuatrotorres.com\/fr\/wp-json\/wp\/v2\/comments\/?post=1224"}],"version-history":[{"count":6,"href":"https:\/\/www.casadelascuatrotorres.com\/fr\/wp-json\/wp\/v2\/pages\/1224\/revisions\/"}],"predecessor-version":[{"id":9060,"href":"https:\/\/www.casadelascuatrotorres.com\/fr\/wp-json\/wp\/v2\/pages\/1224\/revisions\/9060\/"}],"wp:attachment":[{"href":"https:\/\/www.casadelascuatrotorres.com\/fr\/wp-json\/wp\/v2\/media\/?parent=1224"}],"curies":[{"name":"wp","href":"https:\/\/api.w.org\/{rel}","templated":true}]}}